{"id":55270,"date":"2024-06-27T21:43:25","date_gmt":"2024-06-28T03:43:25","guid":{"rendered":"https:\/\/colinadental.com\/warranty\/"},"modified":"2026-01-19T13:54:25","modified_gmt":"2026-01-19T19:54:25","slug":"garantia","status":"publish","type":"page","link":"https:\/\/www.colinadental.com\/es\/garantia\/","title":{"rendered":"Garantia"},"content":{"rendered":"\t\t<div data-elementor-type=\"wp-page\" data-elementor-id=\"55270\" class=\"elementor elementor-55270 elementor-55257\" data-elementor-post-type=\"page\">\n\t\t\t\t<div class=\"elementor-element elementor-element-570d54d6 e-flex e-con-boxed e-con e-parent\" data-id=\"570d54d6\" data-element_type=\"container\">\n\t\t\t\t\t<div class=\"e-con-inner\">\n\t\t\t\t<div class=\"elementor-element elementor-element-4a094e12 elementor-widget elementor-widget-text-editor\" data-id=\"4a094e12\" data-element_type=\"widget\" data-widget_type=\"text-editor.default\">\n\t\t\t\t<div class=\"elementor-widget-container\">\n\t\t\t\t\t\t\t\t\t<h2>Garantia<\/h2>\t\t\t\t\t\t\t\t<\/div>\n\t\t\t\t<\/div>\n\t\t\t\t\t<\/div>\n\t\t\t\t<\/div>\n\t\t<div class=\"elementor-element elementor-element-67a0ec1 e-flex e-con-boxed e-con e-parent\" data-id=\"67a0ec1\" data-element_type=\"container\">\n\t\t\t\t\t<div class=\"e-con-inner\">\n\t\t\t\t<div class=\"elementor-element elementor-element-3e08dc6 elementor-widget elementor-widget-text-editor\" data-id=\"3e08dc6\" data-element_type=\"widget\" data-widget_type=\"text-editor.default\">\n\t\t\t\t<div class=\"elementor-widget-container\">\n\t\t\t\t\t\t\t\t\t<h3>Garant\u00eda de por vida para implantes dentales.<\/h3><p>Colina Dental otorga una garant\u00eda de por vida ante un implante dental fallido si hay un problema con la osteointegraci\u00f3n. No habr\u00e1 reposici\u00f3n gratuita si la p\u00e9rdida de los implantes se debe a un accidente, enfermedades que comprometan la condici\u00f3n \u00f3sea, si el implante fue manipulado por otro centro odontol\u00f3gico, drogodependencia, malos h\u00e1bitos de higiene, falta de visitas de seguimiento o limpiezas peri\u00f3dicas. para mantenimiento.<\/p><h3>Garant\u00eda de dos a\u00f1os para Coronas, Puentes y Restauraciones<\/h3><p>Colina Dental reemplazar\u00e1 o reparar\u00e1 coronas, puentes, onlays, inlays, restauraciones, coronas de implantes o pilares debido a materiales o mano de obra defectuosos. La garant\u00eda no se aplica si el paciente no recibe atenci\u00f3n dental regular y\/o higiene bucal adecuada. Si los problemas con el producto son resultado de bruxismo, accidentes o enfermedades que causen el deterioro de la estructura dental, as\u00ed como decoloraci\u00f3n o deterioro de los dientes debido a medicamentos o falta de higiene dental personal, tabaquismo o consumo de drogas. Condiciones preexistentes que pueden provocar el fracaso del tratamiento.<\/p>\t\t\t\t\t\t\t\t<\/div>\n\t\t\t\t<\/div>\n\t\t\t\t\t<\/div>\n\t\t\t\t<\/div>\n\t\t\t\t<\/div>\n\t\t","protected":false},"excerpt":{"rendered":"<p>Garantia Garant\u00eda de por vida para implantes dentales. Colina Dental otorga una garant\u00eda de por vida ante un implante dental&#8230;<\/p>\n","protected":false},"author":1,"featured_media":0,"parent":0,"menu_order":17,"comment_status":"closed","ping_status":"closed","template":"","meta":{"content-type":"","footnotes":""},"class_list":["post-55270","page","type-page","status-publish","hentry"],"yoast_head":"<!-- This site is optimized with the Yoast SEO plugin v27.1.1 - https:\/\/yoast.com\/product\/yoast-seo-wordpress\/ -->\n<title>Garantia | Colina Dental<\/title>\n<meta name=\"robots\" content=\"index, follow, max-snippet:-1, max-image-preview:large, max-video-preview:-1\" \/>\n<link rel=\"canonical\" href=\"https:\/\/www.colinadental.com\/es\/garantia\/\" \/>\n<meta property=\"og:locale\" content=\"es_ES\" \/>\n<meta property=\"og:type\" content=\"article\" \/>\n<meta property=\"og:title\" content=\"Garantia | Colina Dental\" \/>\n<meta property=\"og:description\" content=\"Garantia Garant\u00eda de por vida para implantes dentales. Colina Dental otorga una garant\u00eda de por vida ante un implante dental...\" \/>\n<meta property=\"og:url\" content=\"https:\/\/www.colinadental.com\/es\/garantia\/\" \/>\n<meta property=\"og:site_name\" content=\"Colina Dental\" \/>\n<meta property=\"article:modified_time\" content=\"2026-01-19T19:54:25+00:00\" \/>\n<meta name=\"twitter:card\" content=\"summary_large_image\" \/>\n<meta name=\"twitter:label1\" content=\"Tiempo de lectura\" \/>\n\t<meta name=\"twitter:data1\" content=\"1 minute\" \/>\n<script type=\"application\/ld+json\" class=\"yoast-schema-graph\">{\"@context\":\"https:\/\/schema.org\",\"@graph\":[{\"@type\":\"WebPage\",\"@id\":\"https:\/\/www.colinadental.com\/es\/garantia\/\",\"url\":\"https:\/\/www.colinadental.com\/es\/garantia\/\",\"name\":\"Garantia | Colina Dental\",\"isPartOf\":{\"@id\":\"https:\/\/www.colinadental.com\/es\/#website\"},\"datePublished\":\"2024-06-28T03:43:25+00:00\",\"dateModified\":\"2026-01-19T19:54:25+00:00\",\"breadcrumb\":{\"@id\":\"https:\/\/www.colinadental.com\/es\/garantia\/#breadcrumb\"},\"inLanguage\":\"es-ES\",\"potentialAction\":[{\"@type\":\"ReadAction\",\"target\":[\"https:\/\/www.colinadental.com\/es\/garantia\/\"]}]},{\"@type\":\"BreadcrumbList\",\"@id\":\"https:\/\/www.colinadental.com\/es\/garantia\/#breadcrumb\",\"itemListElement\":[{\"@type\":\"ListItem\",\"position\":1,\"name\":\"Home\",\"item\":\"https:\/\/www.colinadental.com\/es\/\"},{\"@type\":\"ListItem\",\"position\":2,\"name\":\"Garantia\"}]},{\"@type\":\"WebSite\",\"@id\":\"https:\/\/www.colinadental.com\/es\/#website\",\"url\":\"https:\/\/www.colinadental.com\/es\/\",\"name\":\"Colina Dental\",\"description\":\"Cl\u00ednica Dental en Escaz\u00fa, Costa Rica\",\"potentialAction\":[{\"@type\":\"SearchAction\",\"target\":{\"@type\":\"EntryPoint\",\"urlTemplate\":\"https:\/\/www.colinadental.com\/es\/?s={search_term_string}\"},\"query-input\":{\"@type\":\"PropertyValueSpecification\",\"valueRequired\":true,\"valueName\":\"search_term_string\"}}],\"inLanguage\":\"es-ES\"}]}<\/script>\n<!-- \/ Yoast SEO plugin. -->","yoast_head_json":{"title":"Garantia | Colina Dental","robots":{"index":"index","follow":"follow","max-snippet":"max-snippet:-1","max-image-preview":"max-image-preview:large","max-video-preview":"max-video-preview:-1"},"canonical":"https:\/\/www.colinadental.com\/es\/garantia\/","og_locale":"es_ES","og_type":"article","og_title":"Garantia | Colina Dental","og_description":"Garantia Garant\u00eda de por vida para implantes dentales. Colina Dental otorga una garant\u00eda de por vida ante un implante dental...","og_url":"https:\/\/www.colinadental.com\/es\/garantia\/","og_site_name":"Colina Dental","article_modified_time":"2026-01-19T19:54:25+00:00","twitter_card":"summary_large_image","twitter_misc":{"Tiempo de lectura":"1 minute"},"schema":{"@context":"https:\/\/schema.org","@graph":[{"@type":"WebPage","@id":"https:\/\/www.colinadental.com\/es\/garantia\/","url":"https:\/\/www.colinadental.com\/es\/garantia\/","name":"Garantia | Colina Dental","isPartOf":{"@id":"https:\/\/www.colinadental.com\/es\/#website"},"datePublished":"2024-06-28T03:43:25+00:00","dateModified":"2026-01-19T19:54:25+00:00","breadcrumb":{"@id":"https:\/\/www.colinadental.com\/es\/garantia\/#breadcrumb"},"inLanguage":"es-ES","potentialAction":[{"@type":"ReadAction","target":["https:\/\/www.colinadental.com\/es\/garantia\/"]}]},{"@type":"BreadcrumbList","@id":"https:\/\/www.colinadental.com\/es\/garantia\/#breadcrumb","itemListElement":[{"@type":"ListItem","position":1,"name":"Home","item":"https:\/\/www.colinadental.com\/es\/"},{"@type":"ListItem","position":2,"name":"Garantia"}]},{"@type":"WebSite","@id":"https:\/\/www.colinadental.com\/es\/#website","url":"https:\/\/www.colinadental.com\/es\/","name":"Colina Dental","description":"Cl\u00ednica Dental en Escaz\u00fa, Costa Rica","potentialAction":[{"@type":"SearchAction","target":{"@type":"EntryPoint","urlTemplate":"https:\/\/www.colinadental.com\/es\/?s={search_term_string}"},"query-input":{"@type":"PropertyValueSpecification","valueRequired":true,"valueName":"search_term_string"}}],"inLanguage":"es-ES"}]}},"_links":{"self":[{"href":"https:\/\/www.colinadental.com\/es\/wp-json\/wp\/v2\/pages\/55270","targetHints":{"allow":["GET"]}}],"collection":[{"href":"https:\/\/www.colinadental.com\/es\/wp-json\/wp\/v2\/pages"}],"about":[{"href":"https:\/\/www.colinadental.com\/es\/wp-json\/wp\/v2\/types\/page"}],"author":[{"embeddable":true,"href":"https:\/\/www.colinadental.com\/es\/wp-json\/wp\/v2\/users\/1"}],"replies":[{"embeddable":true,"href":"https:\/\/www.colinadental.com\/es\/wp-json\/wp\/v2\/comments?post=55270"}],"version-history":[{"count":4,"href":"https:\/\/www.colinadental.com\/es\/wp-json\/wp\/v2\/pages\/55270\/revisions"}],"predecessor-version":[{"id":55275,"href":"https:\/\/www.colinadental.com\/es\/wp-json\/wp\/v2\/pages\/55270\/revisions\/55275"}],"wp:attachment":[{"href":"https:\/\/www.colinadental.com\/es\/wp-json\/wp\/v2\/media?parent=55270"}],"curies":[{"name":"wp","href":"https:\/\/api.w.org\/{rel}","templated":true}]}}