{"id":55245,"date":"2024-05-26T14:53:15","date_gmt":"2024-05-26T20:53:15","guid":{"rendered":"https:\/\/colinadental.com\/sample-page-2-2\/"},"modified":"2024-06-27T21:49:00","modified_gmt":"2024-06-27T21:49:00","slug":"instalaciones","status":"publish","type":"page","link":"https:\/\/www.colinadental.com\/es\/instalaciones\/","title":{"rendered":"Nuestras Instalaciones"},"content":{"rendered":"\t\t<div data-elementor-type=\"wp-page\" data-elementor-id=\"55245\" class=\"elementor elementor-55245 elementor-53400\" data-elementor-post-type=\"page\">\n\t\t\t\t<div class=\"elementor-element elementor-element-570d54d6 e-flex e-con-boxed e-con e-parent\" data-id=\"570d54d6\" data-element_type=\"container\">\n\t\t\t\t\t<div class=\"e-con-inner\">\n\t\t\t\t<div class=\"elementor-element elementor-element-4a094e12 elementor-widget elementor-widget-text-editor\" data-id=\"4a094e12\" data-element_type=\"widget\" data-widget_type=\"text-editor.default\">\n\t\t\t\t<div class=\"elementor-widget-container\">\n\t\t\t\t\t\t\t\t\t<h2>Nuestros consultorios dentales<\/h2>\t\t\t\t\t\t\t\t<\/div>\n\t\t\t\t<\/div>\n\t\t\t\t\t<\/div>\n\t\t\t\t<\/div>\n\t\t<div class=\"elementor-element elementor-element-67a0ec1 e-flex e-con-boxed e-con e-parent\" data-id=\"67a0ec1\" data-element_type=\"container\">\n\t\t\t\t\t<div class=\"e-con-inner\">\n\t\t\t\t<div class=\"elementor-element elementor-element-3e08dc6 elementor-widget elementor-widget-text-editor\" data-id=\"3e08dc6\" data-element_type=\"widget\" data-widget_type=\"text-editor.default\">\n\t\t\t\t<div class=\"elementor-widget-container\">\n\t\t\t\t\t\t\t\t\t<h3><strong>Ubicaci\u00f3n<\/strong><\/h3><p>Colina Dental est\u00e1 convenientemente ubicada cerca de la ciudad capital de San Jos\u00e9, en el enclave cosmopolita y exclusivo de Escaz\u00fa. Cerca de tiendas de clase mundial, restaurantes, una variedad de alojamientos hoteleros y lugares de entretenimiento populares como teatros en vivo, cines, orquestas sinf\u00f3nicas y m\u00e1s, Colina Dental ofrece a nuestros clientes internacionales lo mejor en atenci\u00f3n dental avanzada a precios asequibles&#8230; y acceso a las mejores actividades culturales que Costa Rica tiene para ofrecer.<\/p>\t\t\t\t\t\t\t\t<\/div>\n\t\t\t\t<\/div>\n\t\t\t\t\t<\/div>\n\t\t\t\t<\/div>\n\t\t<div class=\"elementor-element elementor-element-b2ad487 e-flex e-con-boxed e-con e-parent\" data-id=\"b2ad487\" data-element_type=\"container\">\n\t\t\t\t\t<div class=\"e-con-inner\">\n\t\t\t\t<div class=\"elementor-element elementor-element-d19d0ce elementor-widget elementor-widget-tm-ele-floating-objects\" data-id=\"d19d0ce\" data-element_type=\"widget\" data-widget_type=\"tm-ele-floating-objects.default\">\n\t\t\t\t<div class=\"elementor-widget-container\">\n\t\t\t\t\t\t\t<div class=\"tm-ele-floating-objects \">\r\n\t<span class=\"each-object elementor-repeater-item-252b9a4 tm-animation-floating \" style=\"background-image: url(https:\/\/www.colinadental.com\/wp-content\/uploads\/2022\/04\/dental-object3.png);\"><\/span>\t\t<\/div>\r\n\t\t\t\t\t<\/div>\n\t\t\t\t<\/div>\n\t\t\t\t<div class=\"elementor-element elementor-element-ac33a2c elementor-widget elementor-widget-tm-ele-paroller-animation\" data-id=\"ac33a2c\" data-element_type=\"widget\" data-widget_type=\"tm-ele-paroller-animation.default\">\n\t\t\t\t<div class=\"elementor-widget-container\">\n\t\t\t\t\t<div class=\"tm-paroller-object \"\r\n\t\t\t\t\t\t\tstyle=\"z-index: 1; color: transparent; -webkit-text-stroke: 2px #02010133;\"\r\n\t\t\t\t\t\t\tdata-paroller-type=\"background\"\r\n\t\t\t\t\t\t\tdata-paroller-factor=\"0.2\"\r\n\t\t\t\t\t\t\tdata-paroller-direction=\"horizontal\"\r\n\t\t\t\t\t\t\tdata-paroller-transition=\"transform .3s ease-out\"><div class=\"tm-paroller-object-wrapper\"><div class=\"tm-paroller-text tm-textillate-animation\">Escazu<\/div><\/div><\/div>\t\t\t\t<\/div>\n\t\t\t\t<\/div>\n\t\t\t\t<div class=\"elementor-element elementor-element-65a2b6c elementor-widget elementor-widget-justified-image-grid-elementor-widget\" data-id=\"65a2b6c\" data-element_type=\"widget\" data-widget_type=\"justified-image-grid-elementor-widget.default\">\n\t\t\t\t<div class=\"elementor-widget-container\">\n\t\t\t\t\t<div id=\"jig1\" class=\"justified-image-grid jig-53c6da783c6a1ce860f83a7b71e063c3 jig-preset-11 jig-source-wp-gallery jig-id-53401\"><div class=\"jig-clearfix\"><\/div><noscript id=\"jig1-html\" class=\"justified-image-grid-html\" data-lazy-src=\"skiplazyload\" data-src=\"skipunveillazyload\"><ul><li><a href=\"https:\/\/www.colinadental.com\/wp-content\/uploads\/2024\/05\/IMG_2090-1024x682.jpg\"><img fetchpriority=\"high\" decoding=\"async\" src=\"https:\/\/www.colinadental.com\/wp-content\/plugins\/justified-image-grid\/timthumb.php?src=https%3A%2F%2Fwww.colinadental.com%2Fwp-content%2Fuploads%2F2024%2F05%2FIMG_2090-1024x682.jpg&amp;h=290&amp;q=90&amp;f=.jpg\" alt=\"IMG_2090\" width=\"435\" height=\"290\" \/><\/a><p class=\"jig-HTMLdescription\">IMG_2090<\/p><\/li><li><a href=\"https:\/\/www.colinadental.com\/wp-content\/uploads\/2024\/05\/IMG_4204-1024x681.jpg\"><img decoding=\"async\" src=\"https:\/\/www.colinadental.com\/wp-content\/plugins\/justified-image-grid\/timthumb.php?src=https%3A%2F%2Fwww.colinadental.com%2Fwp-content%2Fuploads%2F2024%2F05%2FIMG_4204-1024x681.jpg&amp;h=290&amp;q=90&amp;f=.jpg\" alt=\"IMG_4204\" width=\"436\" height=\"290\" \/><\/a><p class=\"jig-HTMLdescription\">IMG_4204<\/p><\/li><li><a href=\"https:\/\/www.colinadental.com\/wp-content\/uploads\/2024\/05\/IMG_4206-1024x681.jpg\"><img decoding=\"async\" src=\"https:\/\/www.colinadental.com\/wp-content\/plugins\/justified-image-grid\/timthumb.php?src=https%3A%2F%2Fwww.colinadental.com%2Fwp-content%2Fuploads%2F2024%2F05%2FIMG_4206-1024x681.jpg&amp;h=290&amp;q=90&amp;f=.jpg\" alt=\"IMG_4206\" width=\"436\" height=\"290\" \/><\/a><p class=\"jig-HTMLdescription\">IMG_4206<\/p><\/li><li><a href=\"https:\/\/www.colinadental.com\/wp-content\/uploads\/2024\/05\/IMG_4212-1024x682.jpg\"><img loading=\"lazy\" decoding=\"async\" src=\"https:\/\/www.colinadental.com\/wp-content\/plugins\/justified-image-grid\/timthumb.php?src=https%3A%2F%2Fwww.colinadental.com%2Fwp-content%2Fuploads%2F2024%2F05%2FIMG_4212-1024x682.jpg&amp;h=290&amp;q=90&amp;f=.jpg\" alt=\"IMG_4212\" width=\"435\" height=\"290\" \/><\/a><p class=\"jig-HTMLdescription\">IMG_4212<\/p><\/li><li><a href=\"https:\/\/www.colinadental.com\/wp-content\/uploads\/2024\/05\/IMG_4208-1024x681.jpg\"><img loading=\"lazy\" decoding=\"async\" src=\"https:\/\/www.colinadental.com\/wp-content\/plugins\/justified-image-grid\/timthumb.php?src=https%3A%2F%2Fwww.colinadental.com%2Fwp-content%2Fuploads%2F2024%2F05%2FIMG_4208-1024x681.jpg&amp;h=290&amp;q=90&amp;f=.jpg\" alt=\"IMG_4208\" width=\"436\" height=\"290\" \/><\/a><p class=\"jig-HTMLdescription\">IMG_4208<\/p><\/li><li><a href=\"https:\/\/www.colinadental.com\/wp-content\/uploads\/2024\/05\/IMG_4562-1024x681.jpg\"><img loading=\"lazy\" decoding=\"async\" src=\"https:\/\/www.colinadental.com\/wp-content\/plugins\/justified-image-grid\/timthumb.php?src=https%3A%2F%2Fwww.colinadental.com%2Fwp-content%2Fuploads%2F2024%2F05%2FIMG_4562-1024x681.jpg&amp;h=290&amp;q=90&amp;f=.jpg\" alt=\"IMG_4562\" width=\"436\" height=\"290\" \/><\/a><p class=\"jig-HTMLdescription\">IMG_4562<\/p><\/li><li><a href=\"https:\/\/www.colinadental.com\/wp-content\/uploads\/2024\/05\/IMG_4631-1024x681.jpg\"><img loading=\"lazy\" decoding=\"async\" src=\"https:\/\/www.colinadental.com\/wp-content\/plugins\/justified-image-grid\/timthumb.php?src=https%3A%2F%2Fwww.colinadental.com%2Fwp-content%2Fuploads%2F2024%2F05%2FIMG_4631-1024x681.jpg&amp;h=290&amp;q=90&amp;f=.jpg\" alt=\"IMG_4631\" width=\"436\" height=\"290\" \/><\/a><p class=\"jig-HTMLdescription\">IMG_4631<\/p><\/li><li><a href=\"https:\/\/www.colinadental.com\/wp-content\/uploads\/2024\/05\/IMG_4640-1024x681.jpg\"><img loading=\"lazy\" decoding=\"async\" src=\"https:\/\/www.colinadental.com\/wp-content\/plugins\/justified-image-grid\/timthumb.php?src=https%3A%2F%2Fwww.colinadental.com%2Fwp-content%2Fuploads%2F2024%2F05%2FIMG_4640-1024x681.jpg&amp;h=290&amp;q=90&amp;f=.jpg\" alt=\"IMG_4640\" width=\"436\" height=\"290\" \/><\/a><p class=\"jig-HTMLdescription\">IMG_4640<\/p><\/li><li><a href=\"https:\/\/www.colinadental.com\/wp-content\/uploads\/2024\/05\/IMG_4645-1024x681.jpg\"><img loading=\"lazy\" decoding=\"async\" src=\"https:\/\/www.colinadental.com\/wp-content\/plugins\/justified-image-grid\/timthumb.php?src=https%3A%2F%2Fwww.colinadental.com%2Fwp-content%2Fuploads%2F2024%2F05%2FIMG_4645-1024x681.jpg&amp;h=290&amp;q=90&amp;f=.jpg\" alt=\"IMG_4645\" width=\"436\" height=\"290\" \/><\/a><p class=\"jig-HTMLdescription\">IMG_4645<\/p><\/li><li><a href=\"https:\/\/www.colinadental.com\/wp-content\/uploads\/2024\/05\/Screen-Shot-2020-07-30-at-4.40.11-PM-1024x578.jpg\"><img loading=\"lazy\" decoding=\"async\" src=\"https:\/\/www.colinadental.com\/wp-content\/plugins\/justified-image-grid\/timthumb.php?src=https%3A%2F%2Fwww.colinadental.com%2Fwp-content%2Fuploads%2F2024%2F05%2FScreen-Shot-2020-07-30-at-4.40.11-PM-1024x578.jpg&amp;h=290&amp;q=90&amp;f=.jpg\" alt=\"Screen Shot 2020-07-30 at 4.40.11 PM\" width=\"513\" height=\"290\" \/><\/a><p class=\"jig-HTMLdescription\">Screen Shot 2020-07-30 at 4.40.11 PM<\/p><\/li><li><a href=\"https:\/\/www.colinadental.com\/wp-content\/uploads\/2024\/05\/IMG_4674-1024x681.jpg\"><img loading=\"lazy\" decoding=\"async\" src=\"https:\/\/www.colinadental.com\/wp-content\/plugins\/justified-image-grid\/timthumb.php?src=https%3A%2F%2Fwww.colinadental.com%2Fwp-content%2Fuploads%2F2024%2F05%2FIMG_4674-1024x681.jpg&amp;h=290&amp;q=90&amp;f=.jpg\" alt=\"IMG_4674\" width=\"436\" height=\"290\" \/><\/a><p class=\"jig-HTMLdescription\">IMG_4674<\/p><\/li><\/ul><\/noscript><\/div>\t\t\t\t<\/div>\n\t\t\t\t<\/div>\n\t\t\t\t\t<\/div>\n\t\t\t\t<\/div>\n\t\t<div class=\"elementor-element elementor-element-47d726d e-flex e-con-boxed e-con e-parent\" data-id=\"47d726d\" data-element_type=\"container\">\n\t\t\t\t\t<div class=\"e-con-inner\">\n\t\t\t\t<div class=\"elementor-element elementor-element-2227fec elementor-widget elementor-widget-text-editor\" data-id=\"2227fec\" data-element_type=\"widget\" data-widget_type=\"text-editor.default\">\n\t\t\t\t<div class=\"elementor-widget-container\">\n\t\t\t\t\t\t\t\t\t<h3>Nuestras Instalaciones\u00a0<\/h3>\t\t\t\t\t\t\t\t<\/div>\n\t\t\t\t<\/div>\n\t\t\t\t<div class=\"elementor-element elementor-element-5d37b86 elementor-widget elementor-widget-text-editor\" data-id=\"5d37b86\" data-element_type=\"widget\" data-widget_type=\"text-editor.default\">\n\t\t\t\t<div class=\"elementor-widget-container\">\n\t\t\t\t\t\t\t\t\t<p>En todo Costa Rica, las impresionantes nuevas instalaciones dentales de Colina Dental en Escaz\u00fa se destacan entre las mejores. Nuestras instalaciones dentales ultramodernas ofrecen ocho estaciones dentales equipadas con los equipos dentales m\u00e1s recientes y avanzados disponibles. Ubicadas en medio de un sereno jard\u00edn, cada habitaci\u00f3n ofrece vistas verdaderamente relajantes de la belleza natural de Costa Rica.<\/p><h3>Tecnolog\u00eda<\/h3><p>Colina Dental emplea la \u00faltima tecnolog\u00eda dental de vanguardia disponible s\u00f3lo en los mejores consultorios dentales del mundo. Desde rayos X digitales hasta un ceratec completo y lo \u00faltimo en equipos de cirug\u00eda dental guiada por computadora, Colina Dental es l\u00edder en tecnolog\u00eda dental de alta calidad que garantiza una experiencia dental completamente segura y sin dolor.<\/p>\t\t\t\t\t\t\t\t<\/div>\n\t\t\t\t<\/div>\n\t\t\t\t<div class=\"elementor-element elementor-element-3eb34ba elementor-widget elementor-widget-tm-ele-button\" data-id=\"3eb34ba\" data-element_type=\"widget\" data-widget_type=\"tm-ele-button.default\">\n\t\t\t\t<div class=\"elementor-widget-container\">\n\t\t\t\t\t<div class=\"tm-sc-button btn-view-details \">\r\n\t<a  href=\"https:\/\/colinadental.com\/es\/services\/laboratorio-dental\/\"\r\n\t\t\t\t\t\tclass=\"btn btn-theme-colored1\">\r\n\r\n\r\n\t\t\r\n\t\t<span>\r\n\t\tLaboratorio Dental\t\t<\/span>\r\n\r\n\t\t\t<\/a>\r\n<\/div>\t\t\t\t<\/div>\n\t\t\t\t<\/div>\n\t\t\t\t\t<\/div>\n\t\t\t\t<\/div>\n\t\t<div class=\"elementor-element elementor-element-c05cfc0 e-flex e-con-boxed e-con e-parent\" data-id=\"c05cfc0\" data-element_type=\"container\">\n\t\t\t\t\t<div class=\"e-con-inner\">\n\t\t\t\t\t<\/div>\n\t\t\t\t<\/div>\n\t\t\t\t<\/div>\n\t\t","protected":false},"excerpt":{"rendered":"<p>Nuestros consultorios dentales Ubicaci\u00f3n Colina Dental est\u00e1 convenientemente ubicada cerca de la ciudad capital de San Jos\u00e9, en el enclave&#8230;<\/p>\n","protected":false},"author":1,"featured_media":0,"parent":0,"menu_order":17,"comment_status":"closed","ping_status":"closed","template":"","meta":{"content-type":"","footnotes":""},"class_list":["post-55245","page","type-page","status-publish","hentry"],"yoast_head":"<!-- This site is optimized with the Yoast SEO plugin v27.1.1 - https:\/\/yoast.com\/product\/yoast-seo-wordpress\/ -->\n<title>Nuestras Instalaciones | Colina Dental<\/title>\n<meta name=\"robots\" content=\"index, follow, max-snippet:-1, max-image-preview:large, max-video-preview:-1\" \/>\n<link rel=\"canonical\" href=\"https:\/\/www.colinadental.com\/es\/instalaciones\/\" \/>\n<meta property=\"og:locale\" content=\"es_ES\" \/>\n<meta property=\"og:type\" content=\"article\" \/>\n<meta property=\"og:title\" content=\"Nuestras Instalaciones | Colina Dental\" \/>\n<meta property=\"og:description\" content=\"Nuestros consultorios dentales Ubicaci\u00f3n Colina Dental est\u00e1 convenientemente ubicada cerca de la ciudad capital de San Jos\u00e9, en el enclave...\" \/>\n<meta property=\"og:url\" content=\"https:\/\/www.colinadental.com\/es\/instalaciones\/\" \/>\n<meta property=\"og:site_name\" content=\"Colina Dental\" \/>\n<meta property=\"article:modified_time\" content=\"2024-06-27T21:49:00+00:00\" \/>\n<meta property=\"og:image\" content=\"https:\/\/colinadental.com\/wp-content\/plugins\/justified-image-grid\/timthumb.php?src=https%3A%2F%2Fcolinadental.com%2Fwp-content%2Fuploads%2F2024%2F05%2FIMG_2090-1024x682.jpg&amp;h=290&amp;q=90&amp;f=.jpg\" \/>\n<meta name=\"twitter:card\" content=\"summary_large_image\" \/>\n<meta name=\"twitter:label1\" content=\"Tiempo de lectura\" \/>\n\t<meta name=\"twitter:data1\" content=\"1 minute\" \/>\n<script type=\"application\/ld+json\" class=\"yoast-schema-graph\">{\"@context\":\"https:\/\/schema.org\",\"@graph\":[{\"@type\":\"WebPage\",\"@id\":\"https:\/\/www.colinadental.com\/es\/instalaciones\/\",\"url\":\"https:\/\/www.colinadental.com\/es\/instalaciones\/\",\"name\":\"Nuestras Instalaciones | Colina Dental\",\"isPartOf\":{\"@id\":\"https:\/\/www.colinadental.com\/es\/#website\"},\"primaryImageOfPage\":{\"@id\":\"https:\/\/www.colinadental.com\/es\/instalaciones\/#primaryimage\"},\"image\":{\"@id\":\"https:\/\/www.colinadental.com\/es\/instalaciones\/#primaryimage\"},\"thumbnailUrl\":\"https:\/\/colinadental.com\/wp-content\/plugins\/justified-image-grid\/timthumb.php?src=https%3A%2F%2Fcolinadental.com%2Fwp-content%2Fuploads%2F2024%2F05%2FIMG_2090-1024x682.jpg&amp;h=290&amp;q=90&amp;f=.jpg\",\"datePublished\":\"2024-05-26T20:53:15+00:00\",\"dateModified\":\"2024-06-27T21:49:00+00:00\",\"breadcrumb\":{\"@id\":\"https:\/\/www.colinadental.com\/es\/instalaciones\/#breadcrumb\"},\"inLanguage\":\"es-ES\",\"potentialAction\":[{\"@type\":\"ReadAction\",\"target\":[\"https:\/\/www.colinadental.com\/es\/instalaciones\/\"]}]},{\"@type\":\"ImageObject\",\"inLanguage\":\"es-ES\",\"@id\":\"https:\/\/www.colinadental.com\/es\/instalaciones\/#primaryimage\",\"url\":\"https:\/\/colinadental.com\/wp-content\/plugins\/justified-image-grid\/timthumb.php?src=https%3A%2F%2Fcolinadental.com%2Fwp-content%2Fuploads%2F2024%2F05%2FIMG_2090-1024x682.jpg&amp;h=290&amp;q=90&amp;f=.jpg\",\"contentUrl\":\"https:\/\/colinadental.com\/wp-content\/plugins\/justified-image-grid\/timthumb.php?src=https%3A%2F%2Fcolinadental.com%2Fwp-content%2Fuploads%2F2024%2F05%2FIMG_2090-1024x682.jpg&amp;h=290&amp;q=90&amp;f=.jpg\"},{\"@type\":\"BreadcrumbList\",\"@id\":\"https:\/\/www.colinadental.com\/es\/instalaciones\/#breadcrumb\",\"itemListElement\":[{\"@type\":\"ListItem\",\"position\":1,\"name\":\"Home\",\"item\":\"https:\/\/www.colinadental.com\/es\/\"},{\"@type\":\"ListItem\",\"position\":2,\"name\":\"Nuestras Instalaciones\"}]},{\"@type\":\"WebSite\",\"@id\":\"https:\/\/www.colinadental.com\/es\/#website\",\"url\":\"https:\/\/www.colinadental.com\/es\/\",\"name\":\"Colina Dental\",\"description\":\"Cl\u00ednica Dental en Escaz\u00fa, Costa Rica\",\"potentialAction\":[{\"@type\":\"SearchAction\",\"target\":{\"@type\":\"EntryPoint\",\"urlTemplate\":\"https:\/\/www.colinadental.com\/es\/?s={search_term_string}\"},\"query-input\":{\"@type\":\"PropertyValueSpecification\",\"valueRequired\":true,\"valueName\":\"search_term_string\"}}],\"inLanguage\":\"es-ES\"}]}<\/script>\n<!-- \/ Yoast SEO plugin. -->","yoast_head_json":{"title":"Nuestras Instalaciones | Colina Dental","robots":{"index":"index","follow":"follow","max-snippet":"max-snippet:-1","max-image-preview":"max-image-preview:large","max-video-preview":"max-video-preview:-1"},"canonical":"https:\/\/www.colinadental.com\/es\/instalaciones\/","og_locale":"es_ES","og_type":"article","og_title":"Nuestras Instalaciones | Colina Dental","og_description":"Nuestros consultorios dentales Ubicaci\u00f3n Colina Dental est\u00e1 convenientemente ubicada cerca de la ciudad capital de San Jos\u00e9, en el enclave...","og_url":"https:\/\/www.colinadental.com\/es\/instalaciones\/","og_site_name":"Colina Dental","article_modified_time":"2024-06-27T21:49:00+00:00","og_image":[{"url":"https:\/\/colinadental.com\/wp-content\/plugins\/justified-image-grid\/timthumb.php?src=https%3A%2F%2Fcolinadental.com%2Fwp-content%2Fuploads%2F2024%2F05%2FIMG_2090-1024x682.jpg&amp;h=290&amp;q=90&amp;f=.jpg","type":"","width":"","height":""}],"twitter_card":"summary_large_image","twitter_misc":{"Tiempo de lectura":"1 minute"},"schema":{"@context":"https:\/\/schema.org","@graph":[{"@type":"WebPage","@id":"https:\/\/www.colinadental.com\/es\/instalaciones\/","url":"https:\/\/www.colinadental.com\/es\/instalaciones\/","name":"Nuestras Instalaciones | Colina Dental","isPartOf":{"@id":"https:\/\/www.colinadental.com\/es\/#website"},"primaryImageOfPage":{"@id":"https:\/\/www.colinadental.com\/es\/instalaciones\/#primaryimage"},"image":{"@id":"https:\/\/www.colinadental.com\/es\/instalaciones\/#primaryimage"},"thumbnailUrl":"https:\/\/colinadental.com\/wp-content\/plugins\/justified-image-grid\/timthumb.php?src=https%3A%2F%2Fcolinadental.com%2Fwp-content%2Fuploads%2F2024%2F05%2FIMG_2090-1024x682.jpg&amp;h=290&amp;q=90&amp;f=.jpg","datePublished":"2024-05-26T20:53:15+00:00","dateModified":"2024-06-27T21:49:00+00:00","breadcrumb":{"@id":"https:\/\/www.colinadental.com\/es\/instalaciones\/#breadcrumb"},"inLanguage":"es-ES","potentialAction":[{"@type":"ReadAction","target":["https:\/\/www.colinadental.com\/es\/instalaciones\/"]}]},{"@type":"ImageObject","inLanguage":"es-ES","@id":"https:\/\/www.colinadental.com\/es\/instalaciones\/#primaryimage","url":"https:\/\/colinadental.com\/wp-content\/plugins\/justified-image-grid\/timthumb.php?src=https%3A%2F%2Fcolinadental.com%2Fwp-content%2Fuploads%2F2024%2F05%2FIMG_2090-1024x682.jpg&amp;h=290&amp;q=90&amp;f=.jpg","contentUrl":"https:\/\/colinadental.com\/wp-content\/plugins\/justified-image-grid\/timthumb.php?src=https%3A%2F%2Fcolinadental.com%2Fwp-content%2Fuploads%2F2024%2F05%2FIMG_2090-1024x682.jpg&amp;h=290&amp;q=90&amp;f=.jpg"},{"@type":"BreadcrumbList","@id":"https:\/\/www.colinadental.com\/es\/instalaciones\/#breadcrumb","itemListElement":[{"@type":"ListItem","position":1,"name":"Home","item":"https:\/\/www.colinadental.com\/es\/"},{"@type":"ListItem","position":2,"name":"Nuestras Instalaciones"}]},{"@type":"WebSite","@id":"https:\/\/www.colinadental.com\/es\/#website","url":"https:\/\/www.colinadental.com\/es\/","name":"Colina Dental","description":"Cl\u00ednica Dental en Escaz\u00fa, Costa Rica","potentialAction":[{"@type":"SearchAction","target":{"@type":"EntryPoint","urlTemplate":"https:\/\/www.colinadental.com\/es\/?s={search_term_string}"},"query-input":{"@type":"PropertyValueSpecification","valueRequired":true,"valueName":"search_term_string"}}],"inLanguage":"es-ES"}]}},"_links":{"self":[{"href":"https:\/\/www.colinadental.com\/es\/wp-json\/wp\/v2\/pages\/55245","targetHints":{"allow":["GET"]}}],"collection":[{"href":"https:\/\/www.colinadental.com\/es\/wp-json\/wp\/v2\/pages"}],"about":[{"href":"https:\/\/www.colinadental.com\/es\/wp-json\/wp\/v2\/types\/page"}],"author":[{"embeddable":true,"href":"https:\/\/www.colinadental.com\/es\/wp-json\/wp\/v2\/users\/1"}],"replies":[{"embeddable":true,"href":"https:\/\/www.colinadental.com\/es\/wp-json\/wp\/v2\/comments?post=55245"}],"version-history":[{"count":5,"href":"https:\/\/www.colinadental.com\/es\/wp-json\/wp\/v2\/pages\/55245\/revisions"}],"predecessor-version":[{"id":55268,"href":"https:\/\/www.colinadental.com\/es\/wp-json\/wp\/v2\/pages\/55245\/revisions\/55268"}],"wp:attachment":[{"href":"https:\/\/www.colinadental.com\/es\/wp-json\/wp\/v2\/media?parent=55245"}],"curies":[{"name":"wp","href":"https:\/\/api.w.org\/{rel}","templated":true}]}}