{"id":55062,"date":"2021-04-14T09:27:06","date_gmt":"2021-04-14T15:27:06","guid":{"rendered":"https:\/\/colinadental.com\/contact-us\/"},"modified":"2026-01-23T16:38:04","modified_gmt":"2026-01-23T22:38:04","slug":"contactenos","status":"publish","type":"page","link":"https:\/\/www.colinadental.com\/es\/contactenos\/","title":{"rendered":"Contactenos"},"content":{"rendered":"\t\t<div data-elementor-type=\"wp-page\" data-elementor-id=\"55062\" class=\"elementor elementor-55062 elementor-275\" data-elementor-post-type=\"page\">\n\t\t\t\t\t\t<section class=\"elementor-section elementor-top-section elementor-element elementor-element-09ddb41 elementor-section-stretched elementor-section-boxed elementor-section-height-default elementor-section-height-default tm-col-stretched-none tm-bg-color-over-image\" data-id=\"09ddb41\" data-element_type=\"section\" data-settings=\"{&quot;stretch_section&quot;:&quot;section-stretched&quot;}\">\n\t\t\t\t\t\t<div class=\"elementor-container elementor-column-gap-extended\">\n\t\t\t\t\t<div class=\"elementor-column elementor-col-33 elementor-top-column elementor-element elementor-element-2595223 tm-bg-color-over-image\" data-id=\"2595223\" data-element_type=\"column\">\n\t\t\t<div class=\"elementor-widget-wrap elementor-element-populated\">\n\t\t\t\t\t\t<div class=\"elementor-element elementor-element-f21383b horizontal-line-align-left vertical-line-align-bottom elementor-widget elementor-widget-tm-ele-section-title\" data-id=\"f21383b\" data-element_type=\"widget\" data-widget_type=\"tm-ele-section-title.default\">\n\t\t\t\t<div class=\"elementor-widget-container\">\n\t\t\t\t\t<div class=\"tm-sc-section-title section-title \">\r\n\t<div class=\"title-wrapper\">\r\n\t\t\t\t\t\t\t<h2 class=\"title \">\r\n\r\n\t\t\r\n\t\t\t\t<span class=\"title-part1 \">Tienes interes?<\/span>\r\n\t\t\t\t\r\n\t\t\r\n\t<\/h2>\r\n\t<div class=\"title-seperator-line\"><\/div>\t\t\t\t\t\t\t<div class=\"paragraph\">\r\n\t\t<p>Queremos ser tu dentista. Haremos lo que sea necesario para ganarnos su confianza y su negocio. Si desea hablar con cualquiera de nuestros dentistas, env\u00edenos un correo electr\u00f3nico a\u00a0info@colinadental.com\u00a0y programaremos una hora para hablar.<\/p><p>Para programar una cita, env\u00ede un correo electr\u00f3nico a\u00a0info@colinadental.com\u00a0o ll\u00e1menos sin costo desde EE. UU. (844) 485-1708.<\/p><p>Horario de oficina: Puede comunicarse con nosotros por tel\u00e9fono de lunes a viernes, de 8:00 a. m. a 5:00 p. m.<\/p>\t<\/div>\r\n\t\t<\/div>\r\n<\/div>\t\t\t\t<\/div>\n\t\t\t\t<\/div>\n\t\t\t\t<div class=\"elementor-element elementor-element-f183d97 elementor-widget elementor-widget-heading\" data-id=\"f183d97\" data-element_type=\"widget\" data-widget_type=\"heading.default\">\n\t\t\t\t<div class=\"elementor-widget-container\">\n\t\t\t\t\t<h2 class=\"elementor-heading-title elementor-size-default\">Cont\u00e1ctenos<\/h2>\t\t\t\t<\/div>\n\t\t\t\t<\/div>\n\t\t\t\t<div class=\"elementor-element elementor-element-a22755e elementor-widget elementor-widget-hubspot-form\" data-id=\"a22755e\" data-element_type=\"widget\" data-widget_type=\"hubspot-form.default\">\n\t\t\t\t<div class=\"elementor-widget-container\">\n\t\t\t\t\t\n\t\t\t\t\t\t<script>\n\t\t\t\t\t\t\twindow.hsFormsOnReady = window.hsFormsOnReady || [];\n\t\t\t\t\t\t\twindow.hsFormsOnReady.push(()=>{\n\t\t\t\t\t\t\t\thbspt.forms.create({\n\t\t\t\t\t\t\t\t\tportalId: 9138143,\n\t\t\t\t\t\t\t\t\tformId: \"a1aad43c-d88a-471e-86e0-7908f4f5f826\",\n\t\t\t\t\t\t\t\t\ttarget: \"#hbspt-form-1775299312000-7904042344\",\n\t\t\t\t\t\t\t\t\tregion: \"na1\",\n\t\t\t\t\t\t\t\t\t\n\t\t\t\t\t\t\t})});\n\t\t\t\t\t\t<\/script>\n\t\t\t\t\t\t<div class=\"hbspt-form\" id=\"hbspt-form-1775299312000-7904042344\"><\/div>\t\t\t\t<\/div>\n\t\t\t\t<\/div>\n\t\t\t\t\t<\/div>\n\t\t<\/div>\n\t\t\t\t<div class=\"elementor-column elementor-col-33 elementor-top-column elementor-element elementor-element-195f43a tm-bg-color-over-image\" data-id=\"195f43a\" data-element_type=\"column\">\n\t\t\t<div class=\"elementor-widget-wrap\">\n\t\t\t\t\t\t\t<\/div>\n\t\t<\/div>\n\t\t\t\t<div class=\"elementor-column elementor-col-33 elementor-top-column elementor-element elementor-element-451d43d tm-bg-color-over-image\" data-id=\"451d43d\" data-element_type=\"column\">\n\t\t\t<div class=\"elementor-widget-wrap elementor-element-populated\">\n\t\t\t\t\t\t<div class=\"elementor-element elementor-element-e2a2674 horizontal-line-align-left vertical-line-align-bottom elementor-widget elementor-widget-tm-ele-section-title\" data-id=\"e2a2674\" data-element_type=\"widget\" data-widget_type=\"tm-ele-section-title.default\">\n\t\t\t\t<div class=\"elementor-widget-container\">\n\t\t\t\t\t<div class=\"tm-sc-section-title section-title \">\r\n\t<div class=\"title-wrapper\">\r\n\t\t\t\t\t\t\t\t<h3 class=\"title \">\r\n\r\n\t\t\r\n\t\t\t\t<span class=\"title-part1 \">Ponte en contacto con nosotros<\/span>\r\n\t\t\t\t\r\n\t\t\r\n\t<\/h3>\r\n\t<div class=\"title-seperator-line\"><\/div>\t\t\t\t\t\t<div class=\"paragraph\">\r\n\t\t<p>Para programar una cita, utilice su m\u00e9todo de contacto preferido<\/p>\t<\/div>\r\n\t\t<\/div>\r\n<\/div>\t\t\t\t<\/div>\n\t\t\t\t<\/div>\n\t\t\t\t<div class=\"elementor-element elementor-element-a6b2377 elementor-widget elementor-widget-tm-ele-iconbox\" data-id=\"a6b2377\" data-element_type=\"widget\" data-widget_type=\"tm-ele-iconbox.default\">\n\t\t\t\t<div class=\"elementor-widget-container\">\n\t\t\t\t\t<div class=\"tm-sc-icon-box icon-box icon-left tm-iconbox-icontype-font-icon icon-default icon-position-icon-left animate-icon-on-hover animate-icon-rotate-y\" >\r\n\t\r\n  \t<div class=\"icon-box-wrapper\">\r\n\t\t\r\n\t\t<div class=\"icon-wrapper\">\r\n\t\t<div class=\"icon icon-type-font-icon icon-md icon-default-bg icon-rounded\">\r\n\t\t\t<i aria-hidden=\"true\" class=\" flaticon-contact-045-call\"><\/i>\t\t<\/div>\r\n\r\n\t\t\t<\/div>\r\n\t\t\t<div class=\"icon-text\">\r\n\t\t\t\t\t\t\r\n\t\t\t\t<h5 class=\"icon-box-title \">\r\n\t\t\t\t\t\t\tDesde USA \/ Canada\t\t\t\t\t<\/h5>\r\n\t\t\t\t\t<div class=\"content\"><p>llame gratis (844) 485-1708.<\/p><\/div>\r\n\t\t\t\r\n\t\t\t\r\n\t\r\n\t\t\t\t\t<\/div>\r\n\t\t<div class=\"clearfix\"><\/div>\r\n\t<\/div>\r\n<\/div>\t\t\t\t<\/div>\n\t\t\t\t<\/div>\n\t\t\t\t<div class=\"elementor-element elementor-element-8a12266 elementor-widget elementor-widget-tm-ele-iconbox\" data-id=\"8a12266\" data-element_type=\"widget\" data-widget_type=\"tm-ele-iconbox.default\">\n\t\t\t\t<div class=\"elementor-widget-container\">\n\t\t\t\t\t<div class=\"tm-sc-icon-box icon-box icon-left tm-iconbox-icontype-font-icon icon-default icon-position-icon-left animate-icon-on-hover animate-icon-rotate-y\" >\r\n\t\r\n  \t<div class=\"icon-box-wrapper\">\r\n\t\t\r\n\t\t<div class=\"icon-wrapper\">\r\n\t\t<div class=\"icon icon-type-font-icon icon-md icon-default-bg icon-rounded\">\r\n\t\t\t<i aria-hidden=\"true\" class=\" flaticon-contact-045-call\"><\/i>\t\t<\/div>\r\n\r\n\t\t\t<\/div>\r\n\t\t\t<div class=\"icon-text\">\r\n\t\t\t\t\t\t\r\n\t\t\t\t<h5 class=\"icon-box-title \">\r\n\t\t\t\t\t\t\tEn Costa Rica\t\t\t\t\t<\/h5>\r\n\t\t\t\t\t<div class=\"content\"><p>\u00a0+506 2228-0141<\/p><\/div>\r\n\t\t\t\r\n\t\t\t\r\n\t\r\n\t\t\t\t\t<\/div>\r\n\t\t<div class=\"clearfix\"><\/div>\r\n\t<\/div>\r\n<\/div>\t\t\t\t<\/div>\n\t\t\t\t<\/div>\n\t\t\t\t<div class=\"elementor-element elementor-element-66a778c elementor-widget elementor-widget-tm-ele-iconbox\" data-id=\"66a778c\" data-element_type=\"widget\" data-widget_type=\"tm-ele-iconbox.default\">\n\t\t\t\t<div class=\"elementor-widget-container\">\n\t\t\t\t\t<div class=\"tm-sc-icon-box icon-box icon-left tm-iconbox-icontype-font-icon icon-default icon-position-icon-left animate-icon-on-hover animate-icon-rotate-y\" >\r\n\t\r\n  \t<div class=\"icon-box-wrapper\">\r\n\t\t\r\n\t\t<div class=\"icon-wrapper\">\r\n\t\t<div class=\"icon icon-type-font-icon icon-md icon-default-bg icon-rounded\">\r\n\t\t\t<i aria-hidden=\"true\" class=\" flaticon-contact-030-email-3\"><\/i>\t\t<\/div>\r\n\r\n\t\t\t<\/div>\r\n\t\t\t<div class=\"icon-text\">\r\n\t\t\t\t\t\t\r\n\t\t\t\t<h5 class=\"icon-box-title \">\r\n\t\t\t\t\t\t\tEmail\t\t\t\t\t<\/h5>\r\n\t\t\t\t\t<div class=\"content\"><p>info@colinadental.com<\/p><\/div>\r\n\t\t\t\r\n\t\t\t\r\n\t\r\n\t\t\t\t\t<\/div>\r\n\t\t<div class=\"clearfix\"><\/div>\r\n\t<\/div>\r\n<\/div>\t\t\t\t<\/div>\n\t\t\t\t<\/div>\n\t\t\t\t<div class=\"elementor-element elementor-element-3ca725f elementor-widget elementor-widget-tm-ele-iconbox\" data-id=\"3ca725f\" data-element_type=\"widget\" data-widget_type=\"tm-ele-iconbox.default\">\n\t\t\t\t<div class=\"elementor-widget-container\">\n\t\t\t\t\t<div class=\"tm-sc-icon-box icon-box icon-left tm-iconbox-icontype-font-icon icon-default icon-position-icon-left animate-icon-on-hover animate-icon-rotate-y\" >\r\n\t\r\n  \t<div class=\"icon-box-wrapper\">\r\n\t\t\r\n\t\t<div class=\"icon-wrapper\">\r\n\t\t<div class=\"icon icon-type-font-icon icon-md icon-default-bg icon-rounded\">\r\n\t\t\t<i aria-hidden=\"true\" class=\" flaticon-contact-047-location\"><\/i>\t\t<\/div>\r\n\r\n\t\t\t<\/div>\r\n\t\t\t<div class=\"icon-text\">\r\n\t\t\t\t\t\t\r\n\t\t\t\t<h5 class=\"icon-box-title \">\r\n\t\t\t\t\t\t\tDirecci\u00f3n \t\t\t\t\t<\/h5>\r\n\t\t\t\t\t<div class=\"content\"><p>Escazu, San Jose, Costa Rica<\/p><\/div>\r\n\t\t\t\r\n\t\t\t\r\n\t\r\n\t\t\t\t\t<\/div>\r\n\t\t<div class=\"clearfix\"><\/div>\r\n\t<\/div>\r\n<\/div>\t\t\t\t<\/div>\n\t\t\t\t<\/div>\n\t\t\t\t<div class=\"elementor-element elementor-element-a2c8eeb elementor-widget elementor-widget-tm-ele-social-links\" data-id=\"a2c8eeb\" data-element_type=\"widget\" data-widget_type=\"tm-ele-social-links.default\">\n\t\t\t\t<div class=\"elementor-widget-container\">\n\t\t\t\t\t<ul class=\"tm-sc-social-links icon-md links-outlined\">\r\n\r\n\t\t\t<li><a class=\"social-link\" aria-label=\"Social Link\" href=\"https:\/\/www.facebook.com\/colinadentalcr\" target=\"_self\"><i class=\"fa fa-facebook\"><\/i><\/a><\/li>\r\n\t\t\t<li><a class=\"social-link\" aria-label=\"Social Link\" href=\"https:\/\/www.youtube.com\/user\/ColinaDentalCR\" target=\"_self\"><i class=\"fa fa-youtube\"><\/i><\/a><\/li>\r\n\t\r\n\r\n\t\t\t<li><a class=\"social-link\" aria-label=\"Social Link\" href=\"https:\/\/www.instagram.com\/colinadental.cr\/\" target=\"_self\"><i class=\"fa fa-instagram\"><\/i><\/a><\/li>\r\n\t\t\r\n\t\t\t<\/ul>\t\t\t\t<\/div>\n\t\t\t\t<\/div>\n\t\t\t\t\t<\/div>\n\t\t<\/div>\n\t\t\t\t\t<\/div>\n\t\t<\/section>\n\t\t<div class=\"elementor-element elementor-element-e8df52d e-flex e-con-boxed e-con e-parent\" data-id=\"e8df52d\" data-element_type=\"container\">\n\t\t\t\t\t<div class=\"e-con-inner\">\n\t\t\t\t<div class=\"elementor-element elementor-element-82cecfb elementor-widget elementor-widget-text-editor\" data-id=\"82cecfb\" data-element_type=\"widget\" data-widget_type=\"text-editor.default\">\n\t\t\t\t<div class=\"elementor-widget-container\">\n\t\t\t\t\t\t\t\t\t<h3>Ubicaci\u00f3n<\/h3><p>Colina Dental est\u00e1 convenientemente ubicada cerca de la ciudad capital de San Jos\u00e9, en el enclave cosmopolita y exclusivo de Escaz\u00fa. Cerca de tiendas de clase mundial, restaurantes, una variedad de alojamientos hoteleros y lugares de entretenimiento populares como teatros en vivo, cines, orquestas sinf\u00f3nicas y m\u00e1s, Colina Dental ofrece a nuestros clientes internacionales lo mejor en atenci\u00f3n dental avanzada a precios asequibles&#8230; y acceso a las mejores actividades culturales que Costa Rica tiene para ofrecer.<\/p>\t\t\t\t\t\t\t\t<\/div>\n\t\t\t\t<\/div>\n\t\t\t\t\t<\/div>\n\t\t\t\t<\/div>\n\t\t\t\t<section class=\"elementor-section elementor-top-section elementor-element elementor-element-8194f50 elementor-section-full_width elementor-section-height-default elementor-section-height-default tm-col-stretched-none tm-bg-color-over-image\" data-id=\"8194f50\" data-element_type=\"section\">\n\t\t\t\t\t\t<div class=\"elementor-container elementor-column-gap-no\">\n\t\t\t\t\t<div class=\"elementor-column elementor-col-100 elementor-top-column elementor-element elementor-element-e68c618 tm-bg-color-over-image\" data-id=\"e68c618\" data-element_type=\"column\">\n\t\t\t<div class=\"elementor-widget-wrap elementor-element-populated\">\n\t\t\t\t\t\t<div class=\"elementor-element elementor-element-03aafac elementor-widget elementor-widget-text-editor\" data-id=\"03aafac\" data-element_type=\"widget\" data-widget_type=\"text-editor.default\">\n\t\t\t\t<div class=\"elementor-widget-container\">\n\t\t\t\t\t\t\t\t\t<iframe src=\"https:\/\/www.google.com\/maps\/embed?pb=!1m18!1m12!1m3!1d3930.1023498204295!2d-84.13799962498199!3d9.925433574313354!2m3!1f0!2f0!3f0!3m2!1i1024!2i768!4f13.1!3m3!1m2!1s0x8fa0fc8e57914e3d%3A0xa1a39d25fb1af16d!2sColina%20Dental!5e0!3m2!1sen!2scr!4v1717004643723!5m2!1sen!2scr\" width=\"600\" height=\"450\" style=\"border:0;\" allowfullscreen=\"\" loading=\"lazy\" referrerpolicy=\"no-referrer-when-downgrade\"><\/iframe>\t\t\t\t\t\t\t\t<\/div>\n\t\t\t\t<\/div>\n\t\t\t\t\t<\/div>\n\t\t<\/div>\n\t\t\t\t\t<\/div>\n\t\t<\/section>\n\t\t\t\t<\/div>\n\t\t","protected":false},"excerpt":{"rendered":"<p>Tienes interes? Queremos ser tu dentista. Haremos lo que sea necesario para ganarnos su confianza y su negocio. Si desea&#8230;<\/p>\n","protected":false},"author":1,"featured_media":0,"parent":0,"menu_order":20,"comment_status":"closed","ping_status":"closed","template":"","meta":{"content-type":"","footnotes":""},"class_list":["post-55062","page","type-page","status-publish","hentry"],"yoast_head":"<!-- This site is optimized with the Yoast SEO plugin v27.1.1 - https:\/\/yoast.com\/product\/yoast-seo-wordpress\/ -->\n<title>Contactenos | Colina Dental<\/title>\n<meta name=\"robots\" content=\"index, follow, max-snippet:-1, max-image-preview:large, max-video-preview:-1\" \/>\n<link rel=\"canonical\" href=\"https:\/\/www.colinadental.com\/es\/contactenos\/\" \/>\n<meta property=\"og:locale\" content=\"es_ES\" \/>\n<meta property=\"og:type\" content=\"article\" \/>\n<meta property=\"og:title\" content=\"Contactenos | Colina Dental\" \/>\n<meta property=\"og:description\" content=\"Tienes interes? Queremos ser tu dentista. Haremos lo que sea necesario para ganarnos su confianza y su negocio. Si desea...\" \/>\n<meta property=\"og:url\" content=\"https:\/\/www.colinadental.com\/es\/contactenos\/\" \/>\n<meta property=\"og:site_name\" content=\"Colina Dental\" \/>\n<meta property=\"article:modified_time\" content=\"2026-01-23T22:38:04+00:00\" \/>\n<meta name=\"twitter:card\" content=\"summary_large_image\" \/>\n<meta name=\"twitter:label1\" content=\"Tiempo de lectura\" \/>\n\t<meta name=\"twitter:data1\" content=\"1 minute\" \/>\n<script type=\"application\/ld+json\" class=\"yoast-schema-graph\">{\"@context\":\"https:\/\/schema.org\",\"@graph\":[{\"@type\":\"WebPage\",\"@id\":\"https:\/\/www.colinadental.com\/es\/contactenos\/\",\"url\":\"https:\/\/www.colinadental.com\/es\/contactenos\/\",\"name\":\"Contactenos | Colina Dental\",\"isPartOf\":{\"@id\":\"https:\/\/www.colinadental.com\/es\/#website\"},\"datePublished\":\"2021-04-14T15:27:06+00:00\",\"dateModified\":\"2026-01-23T22:38:04+00:00\",\"breadcrumb\":{\"@id\":\"https:\/\/www.colinadental.com\/es\/contactenos\/#breadcrumb\"},\"inLanguage\":\"es-ES\",\"potentialAction\":[{\"@type\":\"ReadAction\",\"target\":[\"https:\/\/www.colinadental.com\/es\/contactenos\/\"]}]},{\"@type\":\"BreadcrumbList\",\"@id\":\"https:\/\/www.colinadental.com\/es\/contactenos\/#breadcrumb\",\"itemListElement\":[{\"@type\":\"ListItem\",\"position\":1,\"name\":\"Home\",\"item\":\"https:\/\/www.colinadental.com\/es\/\"},{\"@type\":\"ListItem\",\"position\":2,\"name\":\"Contactenos\"}]},{\"@type\":\"WebSite\",\"@id\":\"https:\/\/www.colinadental.com\/es\/#website\",\"url\":\"https:\/\/www.colinadental.com\/es\/\",\"name\":\"Colina Dental\",\"description\":\"Cl\u00ednica Dental en Escaz\u00fa, Costa Rica\",\"potentialAction\":[{\"@type\":\"SearchAction\",\"target\":{\"@type\":\"EntryPoint\",\"urlTemplate\":\"https:\/\/www.colinadental.com\/es\/?s={search_term_string}\"},\"query-input\":{\"@type\":\"PropertyValueSpecification\",\"valueRequired\":true,\"valueName\":\"search_term_string\"}}],\"inLanguage\":\"es-ES\"}]}<\/script>\n<!-- \/ Yoast SEO plugin. -->","yoast_head_json":{"title":"Contactenos | Colina Dental","robots":{"index":"index","follow":"follow","max-snippet":"max-snippet:-1","max-image-preview":"max-image-preview:large","max-video-preview":"max-video-preview:-1"},"canonical":"https:\/\/www.colinadental.com\/es\/contactenos\/","og_locale":"es_ES","og_type":"article","og_title":"Contactenos | Colina Dental","og_description":"Tienes interes? Queremos ser tu dentista. Haremos lo que sea necesario para ganarnos su confianza y su negocio. Si desea...","og_url":"https:\/\/www.colinadental.com\/es\/contactenos\/","og_site_name":"Colina Dental","article_modified_time":"2026-01-23T22:38:04+00:00","twitter_card":"summary_large_image","twitter_misc":{"Tiempo de lectura":"1 minute"},"schema":{"@context":"https:\/\/schema.org","@graph":[{"@type":"WebPage","@id":"https:\/\/www.colinadental.com\/es\/contactenos\/","url":"https:\/\/www.colinadental.com\/es\/contactenos\/","name":"Contactenos | Colina Dental","isPartOf":{"@id":"https:\/\/www.colinadental.com\/es\/#website"},"datePublished":"2021-04-14T15:27:06+00:00","dateModified":"2026-01-23T22:38:04+00:00","breadcrumb":{"@id":"https:\/\/www.colinadental.com\/es\/contactenos\/#breadcrumb"},"inLanguage":"es-ES","potentialAction":[{"@type":"ReadAction","target":["https:\/\/www.colinadental.com\/es\/contactenos\/"]}]},{"@type":"BreadcrumbList","@id":"https:\/\/www.colinadental.com\/es\/contactenos\/#breadcrumb","itemListElement":[{"@type":"ListItem","position":1,"name":"Home","item":"https:\/\/www.colinadental.com\/es\/"},{"@type":"ListItem","position":2,"name":"Contactenos"}]},{"@type":"WebSite","@id":"https:\/\/www.colinadental.com\/es\/#website","url":"https:\/\/www.colinadental.com\/es\/","name":"Colina Dental","description":"Cl\u00ednica Dental en Escaz\u00fa, Costa Rica","potentialAction":[{"@type":"SearchAction","target":{"@type":"EntryPoint","urlTemplate":"https:\/\/www.colinadental.com\/es\/?s={search_term_string}"},"query-input":{"@type":"PropertyValueSpecification","valueRequired":true,"valueName":"search_term_string"}}],"inLanguage":"es-ES"}]}},"_links":{"self":[{"href":"https:\/\/www.colinadental.com\/es\/wp-json\/wp\/v2\/pages\/55062","targetHints":{"allow":["GET"]}}],"collection":[{"href":"https:\/\/www.colinadental.com\/es\/wp-json\/wp\/v2\/pages"}],"about":[{"href":"https:\/\/www.colinadental.com\/es\/wp-json\/wp\/v2\/types\/page"}],"author":[{"embeddable":true,"href":"https:\/\/www.colinadental.com\/es\/wp-json\/wp\/v2\/users\/1"}],"replies":[{"embeddable":true,"href":"https:\/\/www.colinadental.com\/es\/wp-json\/wp\/v2\/comments?post=55062"}],"version-history":[{"count":20,"href":"https:\/\/www.colinadental.com\/es\/wp-json\/wp\/v2\/pages\/55062\/revisions"}],"predecessor-version":[{"id":57145,"href":"https:\/\/www.colinadental.com\/es\/wp-json\/wp\/v2\/pages\/55062\/revisions\/57145"}],"wp:attachment":[{"href":"https:\/\/www.colinadental.com\/es\/wp-json\/wp\/v2\/media?parent=55062"}],"curies":[{"name":"wp","href":"https:\/\/api.w.org\/{rel}","templated":true}]}}